{"id":67,"date":"2020-02-08T10:45:17","date_gmt":"2020-02-08T10:45:17","guid":{"rendered":"http:\/\/stowarzyszenieszostka.pl\/?page_id=67"},"modified":"2020-02-08T10:45:17","modified_gmt":"2020-02-08T10:45:17","slug":"bezpieczenstwo","status":"publish","type":"page","link":"https:\/\/stowarzyszenieszostka.pl\/index.php\/bezpieczenstwo\/","title":{"rendered":"Bezpiecze\u0144stwo"},"content":{"rendered":"\n<p>Podzielcie si\u0119 waszymi spostrze\u017ceniami na temat bezpiecze\u0144stwa na osiedlu. <\/p>\n","protected":false},"excerpt":{"rendered":"<p>Podzielcie si\u0119 waszymi spostrze\u017ceniami na temat bezpiecze\u0144stwa na osiedlu.<\/p>\n","protected":false},"author":1,"featured_media":0,"parent":0,"menu_order":0,"comment_status":"closed","ping_status":"closed","template":"","meta":{"footnotes":""},"class_list":["post-67","page","type-page","status-publish","hentry"],"_links":{"self":[{"href":"https:\/\/stowarzyszenieszostka.pl\/index.php\/wp-json\/wp\/v2\/pages\/67","targetHints":{"allow":["GET"]}}],"collection":[{"href":"https:\/\/stowarzyszenieszostka.pl\/index.php\/wp-json\/wp\/v2\/pages"}],"about":[{"href":"https:\/\/stowarzyszenieszostka.pl\/index.php\/wp-json\/wp\/v2\/types\/page"}],"author":[{"embeddable":true,"href":"https:\/\/stowarzyszenieszostka.pl\/index.php\/wp-json\/wp\/v2\/users\/1"}],"replies":[{"embeddable":true,"href":"https:\/\/stowarzyszenieszostka.pl\/index.php\/wp-json\/wp\/v2\/comments?post=67"}],"version-history":[{"count":1,"href":"https:\/\/stowarzyszenieszostka.pl\/index.php\/wp-json\/wp\/v2\/pages\/67\/revisions"}],"predecessor-version":[{"id":68,"href":"https:\/\/stowarzyszenieszostka.pl\/index.php\/wp-json\/wp\/v2\/pages\/67\/revisions\/68"}],"wp:attachment":[{"href":"https:\/\/stowarzyszenieszostka.pl\/index.php\/wp-json\/wp\/v2\/media?parent=67"}],"curies":[{"name":"wp","href":"https:\/\/api.w.org\/{rel}","templated":true}]}}