{"id":65,"date":"2020-02-08T10:43:50","date_gmt":"2020-02-08T10:43:50","guid":{"rendered":"http:\/\/stowarzyszenieszostka.pl\/?page_id=65"},"modified":"2021-03-12T17:52:54","modified_gmt":"2021-03-12T17:52:54","slug":"parkowanie","status":"publish","type":"page","link":"https:\/\/stowarzyszenieszostka.pl\/index.php\/parkowanie\/","title":{"rendered":"Parkowanie"},"content":{"rendered":"\n<p>Zdj\u0119cia i uwagi. Postarajmy si\u0119, aby trudny problem parkowania rozwi\u0105zywa\u0107 w spos\u00f3b cywilizowany. Czekamy na zdj\u0119cia i propozycje. Nie ujawniamy numer\u00f3w rejestracyjnych, nie z powodu RODO, bo ono chroni tylko ludzi, ale aby da\u0107 szans\u0119 samorefleksji&#8230;<\/p>\n\n\n\n<p>To przyk\u0142ady z jednego miejsca, ale pewnie takk jest wsz\u0119dzie na naszym osiedlu.<\/p>\n\n\n\n<figure class=\"wp-block-image size-large\"><img loading=\"lazy\" decoding=\"async\" width=\"1024\" height=\"768\" src=\"http:\/\/stowarzyszenieszostka.pl\/wp-content\/uploads\/2021\/03\/IMG_2269s-1024x768.jpg\" alt=\"\" class=\"wp-image-90\" srcset=\"https:\/\/stowarzyszenieszostka.pl\/wp-content\/uploads\/2021\/03\/IMG_2269s-1024x768.jpg 1024w, https:\/\/stowarzyszenieszostka.pl\/wp-content\/uploads\/2021\/03\/IMG_2269s-300x225.jpg 300w, https:\/\/stowarzyszenieszostka.pl\/wp-content\/uploads\/2021\/03\/IMG_2269s-768x576.jpg 768w, https:\/\/stowarzyszenieszostka.pl\/wp-content\/uploads\/2021\/03\/IMG_2269s-1536x1152.jpg 1536w, https:\/\/stowarzyszenieszostka.pl\/wp-content\/uploads\/2021\/03\/IMG_2269s.jpg 1920w\" sizes=\"auto, (max-width: 1024px) 100vw, 1024px\" \/><\/figure>\n\n\n\n<figure class=\"wp-block-image size-large\"><img loading=\"lazy\" decoding=\"async\" width=\"1024\" height=\"768\" src=\"http:\/\/stowarzyszenieszostka.pl\/wp-content\/uploads\/2021\/03\/IMG_0505-1024x768.jpg\" alt=\"\" class=\"wp-image-91\" srcset=\"https:\/\/stowarzyszenieszostka.pl\/wp-content\/uploads\/2021\/03\/IMG_0505-1024x768.jpg 1024w, https:\/\/stowarzyszenieszostka.pl\/wp-content\/uploads\/2021\/03\/IMG_0505-300x225.jpg 300w, https:\/\/stowarzyszenieszostka.pl\/wp-content\/uploads\/2021\/03\/IMG_0505-768x576.jpg 768w, https:\/\/stowarzyszenieszostka.pl\/wp-content\/uploads\/2021\/03\/IMG_0505.jpg 1280w\" sizes=\"auto, (max-width: 1024px) 100vw, 1024px\" \/><\/figure>\n\n\n\n<figure class=\"wp-block-image size-large\"><img loading=\"lazy\" decoding=\"async\" width=\"1024\" height=\"768\" src=\"http:\/\/stowarzyszenieszostka.pl\/wp-content\/uploads\/2021\/03\/IMG_0506-1024x768.jpg\" alt=\"\" class=\"wp-image-92\" srcset=\"https:\/\/stowarzyszenieszostka.pl\/wp-content\/uploads\/2021\/03\/IMG_0506-1024x768.jpg 1024w, https:\/\/stowarzyszenieszostka.pl\/wp-content\/uploads\/2021\/03\/IMG_0506-300x225.jpg 300w, https:\/\/stowarzyszenieszostka.pl\/wp-content\/uploads\/2021\/03\/IMG_0506-768x576.jpg 768w, https:\/\/stowarzyszenieszostka.pl\/wp-content\/uploads\/2021\/03\/IMG_0506.jpg 1280w\" sizes=\"auto, (max-width: 1024px) 100vw, 1024px\" \/><\/figure>\n\n\n\n<figure class=\"wp-block-image size-large\"><img loading=\"lazy\" decoding=\"async\" width=\"1024\" height=\"768\" src=\"http:\/\/stowarzyszenieszostka.pl\/wp-content\/uploads\/2021\/03\/IMG_0637-1024x768.jpg\" alt=\"\" class=\"wp-image-93\" srcset=\"https:\/\/stowarzyszenieszostka.pl\/wp-content\/uploads\/2021\/03\/IMG_0637-1024x768.jpg 1024w, https:\/\/stowarzyszenieszostka.pl\/wp-content\/uploads\/2021\/03\/IMG_0637-300x225.jpg 300w, https:\/\/stowarzyszenieszostka.pl\/wp-content\/uploads\/2021\/03\/IMG_0637-768x576.jpg 768w, https:\/\/stowarzyszenieszostka.pl\/wp-content\/uploads\/2021\/03\/IMG_0637.jpg 1280w\" sizes=\"auto, (max-width: 1024px) 100vw, 1024px\" \/><\/figure>\n\n\n\n<figure class=\"wp-block-image size-large\"><img loading=\"lazy\" decoding=\"async\" width=\"1024\" height=\"768\" src=\"http:\/\/stowarzyszenieszostka.pl\/wp-content\/uploads\/2021\/03\/IMG_0638-1024x768.jpg\" alt=\"\" class=\"wp-image-94\" srcset=\"https:\/\/stowarzyszenieszostka.pl\/wp-content\/uploads\/2021\/03\/IMG_0638-1024x768.jpg 1024w, https:\/\/stowarzyszenieszostka.pl\/wp-content\/uploads\/2021\/03\/IMG_0638-300x225.jpg 300w, https:\/\/stowarzyszenieszostka.pl\/wp-content\/uploads\/2021\/03\/IMG_0638-768x576.jpg 768w, https:\/\/stowarzyszenieszostka.pl\/wp-content\/uploads\/2021\/03\/IMG_0638.jpg 1280w\" sizes=\"auto, (max-width: 1024px) 100vw, 1024px\" \/><\/figure>\n\n\n\n<figure class=\"wp-block-image size-large\"><img loading=\"lazy\" decoding=\"async\" width=\"1024\" height=\"768\" src=\"http:\/\/stowarzyszenieszostka.pl\/wp-content\/uploads\/2021\/03\/IMG_0975-1024x768.jpg\" alt=\"\" class=\"wp-image-95\" srcset=\"https:\/\/stowarzyszenieszostka.pl\/wp-content\/uploads\/2021\/03\/IMG_0975-1024x768.jpg 1024w, https:\/\/stowarzyszenieszostka.pl\/wp-content\/uploads\/2021\/03\/IMG_0975-300x225.jpg 300w, https:\/\/stowarzyszenieszostka.pl\/wp-content\/uploads\/2021\/03\/IMG_0975-768x576.jpg 768w, https:\/\/stowarzyszenieszostka.pl\/wp-content\/uploads\/2021\/03\/IMG_0975-1536x1152.jpg 1536w, https:\/\/stowarzyszenieszostka.pl\/wp-content\/uploads\/2021\/03\/IMG_0975.jpg 1920w\" sizes=\"auto, (max-width: 1024px) 100vw, 1024px\" \/><\/figure>\n\n\n\n<figure class=\"wp-block-image size-large\"><img loading=\"lazy\" decoding=\"async\" width=\"1024\" height=\"768\" src=\"http:\/\/stowarzyszenieszostka.pl\/wp-content\/uploads\/2021\/03\/IMG_1097-1024x768.jpg\" alt=\"\" class=\"wp-image-96\" srcset=\"https:\/\/stowarzyszenieszostka.pl\/wp-content\/uploads\/2021\/03\/IMG_1097-1024x768.jpg 1024w, https:\/\/stowarzyszenieszostka.pl\/wp-content\/uploads\/2021\/03\/IMG_1097-300x225.jpg 300w, https:\/\/stowarzyszenieszostka.pl\/wp-content\/uploads\/2021\/03\/IMG_1097-768x576.jpg 768w, https:\/\/stowarzyszenieszostka.pl\/wp-content\/uploads\/2021\/03\/IMG_1097-1536x1152.jpg 1536w, https:\/\/stowarzyszenieszostka.pl\/wp-content\/uploads\/2021\/03\/IMG_1097.jpg 1920w\" sizes=\"auto, (max-width: 1024px) 100vw, 1024px\" \/><\/figure>\n\n\n\n<figure class=\"wp-block-image size-large\"><img loading=\"lazy\" decoding=\"async\" width=\"1024\" height=\"768\" src=\"http:\/\/stowarzyszenieszostka.pl\/wp-content\/uploads\/2021\/03\/IMG_11021-1024x768.jpg\" alt=\"\" class=\"wp-image-97\" srcset=\"https:\/\/stowarzyszenieszostka.pl\/wp-content\/uploads\/2021\/03\/IMG_11021-1024x768.jpg 1024w, https:\/\/stowarzyszenieszostka.pl\/wp-content\/uploads\/2021\/03\/IMG_11021-300x225.jpg 300w, https:\/\/stowarzyszenieszostka.pl\/wp-content\/uploads\/2021\/03\/IMG_11021-768x576.jpg 768w, https:\/\/stowarzyszenieszostka.pl\/wp-content\/uploads\/2021\/03\/IMG_11021-1536x1152.jpg 1536w, https:\/\/stowarzyszenieszostka.pl\/wp-content\/uploads\/2021\/03\/IMG_11021.jpg 1920w\" sizes=\"auto, (max-width: 1024px) 100vw, 1024px\" \/><\/figure>\n\n\n\n<figure class=\"wp-block-image size-large\"><img loading=\"lazy\" decoding=\"async\" width=\"1024\" height=\"768\" src=\"http:\/\/stowarzyszenieszostka.pl\/wp-content\/uploads\/2021\/03\/IMG_11081-1024x768.jpg\" alt=\"\" class=\"wp-image-98\" srcset=\"https:\/\/stowarzyszenieszostka.pl\/wp-content\/uploads\/2021\/03\/IMG_11081-1024x768.jpg 1024w, https:\/\/stowarzyszenieszostka.pl\/wp-content\/uploads\/2021\/03\/IMG_11081-300x225.jpg 300w, https:\/\/stowarzyszenieszostka.pl\/wp-content\/uploads\/2021\/03\/IMG_11081-768x576.jpg 768w, https:\/\/stowarzyszenieszostka.pl\/wp-content\/uploads\/2021\/03\/IMG_11081-1536x1152.jpg 1536w, https:\/\/stowarzyszenieszostka.pl\/wp-content\/uploads\/2021\/03\/IMG_11081.jpg 1920w\" sizes=\"auto, (max-width: 1024px) 100vw, 1024px\" \/><\/figure>\n\n\n\n<figure class=\"wp-block-image size-large\"><img loading=\"lazy\" decoding=\"async\" width=\"1024\" height=\"768\" src=\"http:\/\/stowarzyszenieszostka.pl\/wp-content\/uploads\/2021\/03\/IMG_1112-1024x768.jpg\" alt=\"\" class=\"wp-image-99\" srcset=\"https:\/\/stowarzyszenieszostka.pl\/wp-content\/uploads\/2021\/03\/IMG_1112-1024x768.jpg 1024w, https:\/\/stowarzyszenieszostka.pl\/wp-content\/uploads\/2021\/03\/IMG_1112-300x225.jpg 300w, https:\/\/stowarzyszenieszostka.pl\/wp-content\/uploads\/2021\/03\/IMG_1112-768x576.jpg 768w, https:\/\/stowarzyszenieszostka.pl\/wp-content\/uploads\/2021\/03\/IMG_1112-1536x1152.jpg 1536w, https:\/\/stowarzyszenieszostka.pl\/wp-content\/uploads\/2021\/03\/IMG_1112.jpg 1920w\" sizes=\"auto, (max-width: 1024px) 100vw, 1024px\" \/><\/figure>\n\n\n\n<figure class=\"wp-block-image size-large\"><img loading=\"lazy\" decoding=\"async\" width=\"1024\" height=\"768\" src=\"http:\/\/stowarzyszenieszostka.pl\/wp-content\/uploads\/2021\/03\/IMG_1113-1024x768.jpg\" alt=\"\" class=\"wp-image-100\" srcset=\"https:\/\/stowarzyszenieszostka.pl\/wp-content\/uploads\/2021\/03\/IMG_1113-1024x768.jpg 1024w, https:\/\/stowarzyszenieszostka.pl\/wp-content\/uploads\/2021\/03\/IMG_1113-300x225.jpg 300w, https:\/\/stowarzyszenieszostka.pl\/wp-content\/uploads\/2021\/03\/IMG_1113-768x576.jpg 768w, https:\/\/stowarzyszenieszostka.pl\/wp-content\/uploads\/2021\/03\/IMG_1113-1536x1152.jpg 1536w, https:\/\/stowarzyszenieszostka.pl\/wp-content\/uploads\/2021\/03\/IMG_1113.jpg 1920w\" sizes=\"auto, (max-width: 1024px) 100vw, 1024px\" \/><\/figure>\n\n\n\n<figure class=\"wp-block-image size-large\"><img loading=\"lazy\" decoding=\"async\" width=\"1024\" height=\"768\" src=\"http:\/\/stowarzyszenieszostka.pl\/wp-content\/uploads\/2021\/03\/IMG_1452-1024x768.jpg\" alt=\"\" class=\"wp-image-101\" srcset=\"https:\/\/stowarzyszenieszostka.pl\/wp-content\/uploads\/2021\/03\/IMG_1452-1024x768.jpg 1024w, https:\/\/stowarzyszenieszostka.pl\/wp-content\/uploads\/2021\/03\/IMG_1452-300x225.jpg 300w, https:\/\/stowarzyszenieszostka.pl\/wp-content\/uploads\/2021\/03\/IMG_1452-768x576.jpg 768w, https:\/\/stowarzyszenieszostka.pl\/wp-content\/uploads\/2021\/03\/IMG_1452-1536x1152.jpg 1536w, https:\/\/stowarzyszenieszostka.pl\/wp-content\/uploads\/2021\/03\/IMG_1452.jpg 1920w\" sizes=\"auto, (max-width: 1024px) 100vw, 1024px\" \/><\/figure>\n\n\n\n<figure class=\"wp-block-image size-large\"><img loading=\"lazy\" decoding=\"async\" width=\"1024\" height=\"768\" src=\"http:\/\/stowarzyszenieszostka.pl\/wp-content\/uploads\/2021\/03\/IMG_2048-1024x768.jpg\" alt=\"\" class=\"wp-image-102\" srcset=\"https:\/\/stowarzyszenieszostka.pl\/wp-content\/uploads\/2021\/03\/IMG_2048-1024x768.jpg 1024w, https:\/\/stowarzyszenieszostka.pl\/wp-content\/uploads\/2021\/03\/IMG_2048-300x225.jpg 300w, https:\/\/stowarzyszenieszostka.pl\/wp-content\/uploads\/2021\/03\/IMG_2048-768x576.jpg 768w, https:\/\/stowarzyszenieszostka.pl\/wp-content\/uploads\/2021\/03\/IMG_2048-1536x1152.jpg 1536w, https:\/\/stowarzyszenieszostka.pl\/wp-content\/uploads\/2021\/03\/IMG_2048.jpg 1920w\" sizes=\"auto, (max-width: 1024px) 100vw, 1024px\" \/><\/figure>\n\n\n\n<figure class=\"wp-block-image size-large\"><img loading=\"lazy\" decoding=\"async\" width=\"1024\" height=\"768\" src=\"http:\/\/stowarzyszenieszostka.pl\/wp-content\/uploads\/2021\/03\/IMG_2049-1024x768.jpg\" alt=\"\" class=\"wp-image-103\" srcset=\"https:\/\/stowarzyszenieszostka.pl\/wp-content\/uploads\/2021\/03\/IMG_2049-1024x768.jpg 1024w, https:\/\/stowarzyszenieszostka.pl\/wp-content\/uploads\/2021\/03\/IMG_2049-300x225.jpg 300w, https:\/\/stowarzyszenieszostka.pl\/wp-content\/uploads\/2021\/03\/IMG_2049-768x576.jpg 768w, https:\/\/stowarzyszenieszostka.pl\/wp-content\/uploads\/2021\/03\/IMG_2049-1536x1152.jpg 1536w, https:\/\/stowarzyszenieszostka.pl\/wp-content\/uploads\/2021\/03\/IMG_2049.jpg 1920w\" sizes=\"auto, (max-width: 1024px) 100vw, 1024px\" \/><\/figure>\n\n\n\n<figure class=\"wp-block-image size-large\"><img loading=\"lazy\" decoding=\"async\" width=\"1024\" height=\"768\" src=\"http:\/\/stowarzyszenieszostka.pl\/wp-content\/uploads\/2021\/03\/IMG_2054-1024x768.jpg\" alt=\"\" class=\"wp-image-104\" srcset=\"https:\/\/stowarzyszenieszostka.pl\/wp-content\/uploads\/2021\/03\/IMG_2054-1024x768.jpg 1024w, https:\/\/stowarzyszenieszostka.pl\/wp-content\/uploads\/2021\/03\/IMG_2054-300x225.jpg 300w, https:\/\/stowarzyszenieszostka.pl\/wp-content\/uploads\/2021\/03\/IMG_2054-768x576.jpg 768w, https:\/\/stowarzyszenieszostka.pl\/wp-content\/uploads\/2021\/03\/IMG_2054-1536x1152.jpg 1536w, https:\/\/stowarzyszenieszostka.pl\/wp-content\/uploads\/2021\/03\/IMG_2054.jpg 1920w\" sizes=\"auto, (max-width: 1024px) 100vw, 1024px\" \/><\/figure>\n\n\n\n<figure class=\"wp-block-image size-large\"><img loading=\"lazy\" decoding=\"async\" width=\"1024\" height=\"768\" src=\"http:\/\/stowarzyszenieszostka.pl\/wp-content\/uploads\/2021\/03\/IMG_2055-1024x768.jpg\" alt=\"\" class=\"wp-image-105\" srcset=\"https:\/\/stowarzyszenieszostka.pl\/wp-content\/uploads\/2021\/03\/IMG_2055-1024x768.jpg 1024w, https:\/\/stowarzyszenieszostka.pl\/wp-content\/uploads\/2021\/03\/IMG_2055-300x225.jpg 300w, https:\/\/stowarzyszenieszostka.pl\/wp-content\/uploads\/2021\/03\/IMG_2055-768x576.jpg 768w, https:\/\/stowarzyszenieszostka.pl\/wp-content\/uploads\/2021\/03\/IMG_2055-1536x1152.jpg 1536w, https:\/\/stowarzyszenieszostka.pl\/wp-content\/uploads\/2021\/03\/IMG_2055.jpg 1920w\" sizes=\"auto, (max-width: 1024px) 100vw, 1024px\" \/><\/figure>\n","protected":false},"excerpt":{"rendered":"<p>Zdj\u0119cia i uwagi. Postarajmy si\u0119, aby trudny problem parkowania rozwi\u0105zywa\u0107 w spos\u00f3b cywilizowany. Czekamy na zdj\u0119cia i propozycje. Nie ujawniamy numer\u00f3w rejestracyjnych, nie z powodu RODO, bo ono chroni tylko ludzi, ale aby da\u0107 szans\u0119 samorefleksji&#8230; To przyk\u0142ady z jednego miejsca, ale pewnie takk jest wsz\u0119dzie na naszym osiedlu.<\/p>\n","protected":false},"author":1,"featured_media":0,"parent":0,"menu_order":0,"comment_status":"open","ping_status":"closed","template":"","meta":{"footnotes":""},"class_list":["post-65","page","type-page","status-publish","hentry"],"_links":{"self":[{"href":"https:\/\/stowarzyszenieszostka.pl\/index.php\/wp-json\/wp\/v2\/pages\/65","targetHints":{"allow":["GET"]}}],"collection":[{"href":"https:\/\/stowarzyszenieszostka.pl\/index.php\/wp-json\/wp\/v2\/pages"}],"about":[{"href":"https:\/\/stowarzyszenieszostka.pl\/index.php\/wp-json\/wp\/v2\/types\/page"}],"author":[{"embeddable":true,"href":"https:\/\/stowarzyszenieszostka.pl\/index.php\/wp-json\/wp\/v2\/users\/1"}],"replies":[{"embeddable":true,"href":"https:\/\/stowarzyszenieszostka.pl\/index.php\/wp-json\/wp\/v2\/comments?post=65"}],"version-history":[{"count":3,"href":"https:\/\/stowarzyszenieszostka.pl\/index.php\/wp-json\/wp\/v2\/pages\/65\/revisions"}],"predecessor-version":[{"id":106,"href":"https:\/\/stowarzyszenieszostka.pl\/index.php\/wp-json\/wp\/v2\/pages\/65\/revisions\/106"}],"wp:attachment":[{"href":"https:\/\/stowarzyszenieszostka.pl\/index.php\/wp-json\/wp\/v2\/media?parent=65"}],"curies":[{"name":"wp","href":"https:\/\/api.w.org\/{rel}","templated":true}]}}