{"id":63,"date":"2020-02-08T10:41:46","date_gmt":"2020-02-08T10:41:46","guid":{"rendered":"http:\/\/stowarzyszenieszostka.pl\/?page_id=63"},"modified":"2021-05-14T17:41:12","modified_gmt":"2021-05-14T17:41:12","slug":"czystosc-i-porzadek","status":"publish","type":"page","link":"https:\/\/stowarzyszenieszostka.pl\/index.php\/czystosc-i-porzadek\/","title":{"rendered":"Czysto\u015b\u0107 i porz\u0105dek"},"content":{"rendered":"\n<p>Zdj\u0119cia i komentarze &#8211; zar\u00f3wno pozytywne jak i negatywne. Chwalmy co \u0142adne, poka\u017cmy, co trzeba jeszcze poprawi\u0107.<br>Mamy zielone, zadbane osiedle. Jednak s\u0105 tacy, kt\u00f3rym \u015bmiecenie, pozostawianie po sobie opakowa\u0144, butelek itp. nie przeszkadza. Pewnie stanowi du\u017c\u0105 trudno\u015b\u0107 (mentaln\u0105, bo parzcie\u017c nie fizyczn\u0105) podej\u015bcie kilka, kilkana\u015bcie krok\u00f3w do kosza na \u015bmieci. Wydawa\u0142oby si\u0119, \u017ce zadbane i czyste otoczenie jest oczywist\u0105, obiektywn\u0105 warto\u015bci\u0105. Ale jak wida\u0107, nie dla ka\u017cdego&#8230;<\/p>\n\n\n\n<figure class=\"wp-block-image size-large is-resized\"><img loading=\"lazy\" decoding=\"async\" src=\"http:\/\/stowarzyszenieszostka.pl\/wp-content\/uploads\/2021\/03\/IMG_0309-1-1024x768.jpg\" alt=\"\" class=\"wp-image-109\" width=\"840\" height=\"630\" srcset=\"https:\/\/stowarzyszenieszostka.pl\/wp-content\/uploads\/2021\/03\/IMG_0309-1-1024x768.jpg 1024w, https:\/\/stowarzyszenieszostka.pl\/wp-content\/uploads\/2021\/03\/IMG_0309-1-300x225.jpg 300w, https:\/\/stowarzyszenieszostka.pl\/wp-content\/uploads\/2021\/03\/IMG_0309-1-768x576.jpg 768w, https:\/\/stowarzyszenieszostka.pl\/wp-content\/uploads\/2021\/03\/IMG_0309-1-1536x1152.jpg 1536w, https:\/\/stowarzyszenieszostka.pl\/wp-content\/uploads\/2021\/03\/IMG_0309-1.jpg 1920w\" sizes=\"auto, (max-width: 840px) 100vw, 840px\" \/><\/figure>\n\n\n\n<figure class=\"wp-block-image size-large\"><img loading=\"lazy\" decoding=\"async\" width=\"1024\" height=\"768\" src=\"http:\/\/stowarzyszenieszostka.pl\/wp-content\/uploads\/2021\/05\/obraz-1024x768.png\" alt=\"\" class=\"wp-image-151\" srcset=\"https:\/\/stowarzyszenieszostka.pl\/wp-content\/uploads\/2021\/05\/obraz-1024x768.png 1024w, https:\/\/stowarzyszenieszostka.pl\/wp-content\/uploads\/2021\/05\/obraz-300x225.png 300w, https:\/\/stowarzyszenieszostka.pl\/wp-content\/uploads\/2021\/05\/obraz-768x576.png 768w, https:\/\/stowarzyszenieszostka.pl\/wp-content\/uploads\/2021\/05\/obraz.png 1280w\" sizes=\"auto, (max-width: 1024px) 100vw, 1024px\" \/><\/figure>\n","protected":false},"excerpt":{"rendered":"<p>Zdj\u0119cia i komentarze &#8211; zar\u00f3wno pozytywne jak i negatywne. Chwalmy co \u0142adne, poka\u017cmy, co trzeba jeszcze poprawi\u0107.Mamy zielone, zadbane osiedle. Jednak s\u0105 tacy, kt\u00f3rym \u015bmiecenie, pozostawianie po sobie opakowa\u0144, butelek itp. nie przeszkadza. Pewnie stanowi du\u017c\u0105 trudno\u015b\u0107 (mentaln\u0105, bo parzcie\u017c nie fizyczn\u0105) podej\u015bcie kilka, kilkana\u015bcie krok\u00f3w do kosza na \u015bmieci&#8230;.<\/p>\n","protected":false},"author":1,"featured_media":0,"parent":0,"menu_order":0,"comment_status":"closed","ping_status":"closed","template":"","meta":{"footnotes":""},"class_list":["post-63","page","type-page","status-publish","hentry"],"_links":{"self":[{"href":"https:\/\/stowarzyszenieszostka.pl\/index.php\/wp-json\/wp\/v2\/pages\/63","targetHints":{"allow":["GET"]}}],"collection":[{"href":"https:\/\/stowarzyszenieszostka.pl\/index.php\/wp-json\/wp\/v2\/pages"}],"about":[{"href":"https:\/\/stowarzyszenieszostka.pl\/index.php\/wp-json\/wp\/v2\/types\/page"}],"author":[{"embeddable":true,"href":"https:\/\/stowarzyszenieszostka.pl\/index.php\/wp-json\/wp\/v2\/users\/1"}],"replies":[{"embeddable":true,"href":"https:\/\/stowarzyszenieszostka.pl\/index.php\/wp-json\/wp\/v2\/comments?post=63"}],"version-history":[{"count":3,"href":"https:\/\/stowarzyszenieszostka.pl\/index.php\/wp-json\/wp\/v2\/pages\/63\/revisions"}],"predecessor-version":[{"id":152,"href":"https:\/\/stowarzyszenieszostka.pl\/index.php\/wp-json\/wp\/v2\/pages\/63\/revisions\/152"}],"wp:attachment":[{"href":"https:\/\/stowarzyszenieszostka.pl\/index.php\/wp-json\/wp\/v2\/media?parent=63"}],"curies":[{"name":"wp","href":"https:\/\/api.w.org\/{rel}","templated":true}]}}