{"id":56,"date":"2020-02-08T10:14:35","date_gmt":"2020-02-08T10:14:35","guid":{"rendered":"http:\/\/stowarzyszenieszostka.pl\/?page_id=56"},"modified":"2020-02-08T10:19:38","modified_gmt":"2020-02-08T10:19:38","slug":"sklepy-uslugi","status":"publish","type":"page","link":"https:\/\/stowarzyszenieszostka.pl\/index.php\/sklepy-uslugi\/","title":{"rendered":"Sklepy\/Us\u0142ugi"},"content":{"rendered":"\n<h2 class=\"wp-block-heading\">Miejsce na Twoj\u0105 reklam\u0119<\/h2>\n\n\n\n<p>Umie\u015bcimy tutaj bezp\u0142atnie Twoj\u0105 reklam\u0119 do ko\u0144ca roku. Dotyczy dzia\u0142ano\u015bci na terenie osiedla G\u0105d\u00f3w Ma\u0142y.<\/p>\n","protected":false},"excerpt":{"rendered":"<p>Miejsce na Twoj\u0105 reklam\u0119 Umie\u015bcimy tutaj bezp\u0142atnie Twoj\u0105 reklam\u0119 do ko\u0144ca roku. Dotyczy dzia\u0142ano\u015bci na terenie osiedla G\u0105d\u00f3w Ma\u0142y.<\/p>\n","protected":false},"author":1,"featured_media":0,"parent":0,"menu_order":0,"comment_status":"closed","ping_status":"closed","template":"","meta":{"footnotes":""},"class_list":["post-56","page","type-page","status-publish","hentry"],"_links":{"self":[{"href":"https:\/\/stowarzyszenieszostka.pl\/index.php\/wp-json\/wp\/v2\/pages\/56","targetHints":{"allow":["GET"]}}],"collection":[{"href":"https:\/\/stowarzyszenieszostka.pl\/index.php\/wp-json\/wp\/v2\/pages"}],"about":[{"href":"https:\/\/stowarzyszenieszostka.pl\/index.php\/wp-json\/wp\/v2\/types\/page"}],"author":[{"embeddable":true,"href":"https:\/\/stowarzyszenieszostka.pl\/index.php\/wp-json\/wp\/v2\/users\/1"}],"replies":[{"embeddable":true,"href":"https:\/\/stowarzyszenieszostka.pl\/index.php\/wp-json\/wp\/v2\/comments?post=56"}],"version-history":[{"count":3,"href":"https:\/\/stowarzyszenieszostka.pl\/index.php\/wp-json\/wp\/v2\/pages\/56\/revisions"}],"predecessor-version":[{"id":61,"href":"https:\/\/stowarzyszenieszostka.pl\/index.php\/wp-json\/wp\/v2\/pages\/56\/revisions\/61"}],"wp:attachment":[{"href":"https:\/\/stowarzyszenieszostka.pl\/index.php\/wp-json\/wp\/v2\/media?parent=56"}],"curies":[{"name":"wp","href":"https:\/\/api.w.org\/{rel}","templated":true}]}}