{"id":52,"date":"2020-02-08T10:11:42","date_gmt":"2020-02-08T10:11:42","guid":{"rendered":"http:\/\/stowarzyszenieszostka.pl\/?page_id=52"},"modified":"2021-05-06T17:15:56","modified_gmt":"2021-05-06T17:15:56","slug":"interwencje","status":"publish","type":"page","link":"https:\/\/stowarzyszenieszostka.pl\/index.php\/interwencje\/","title":{"rendered":"Interwencje"},"content":{"rendered":"\n<figure class=\"wp-block-embed is-type-wp-embed is-provider-wroclawskie-stowarzyszenie-mieszkancow-spoldzielni-mieszkaniowej-quot-szostka-quot wp-block-embed-wroclawskie-stowarzyszenie-mieszkancow-spoldzielni-mieszkaniowej-quot-szostka-quot\"><div class=\"wp-block-embed__wrapper\">\n<blockquote class=\"wp-embedded-content\" data-secret=\"UPH4zGP7os\"><a href=\"http:\/\/stowarzyszenieszostka.pl\/index.php\/bezpieczenstwo\/\">Bezpiecze\u0144stwo<\/a><\/blockquote><iframe loading=\"lazy\" class=\"wp-embedded-content\" sandbox=\"allow-scripts\" security=\"restricted\" style=\"position: absolute; clip: rect(1px, 1px, 1px, 1px);\" title=\"&#8222;Bezpiecze\u0144stwo&#8221; &#8212; WROC\u0141AWSKIE STOWARZYSZENIE MIESZKA\u0143C\u00d3W SP\u00d3\u0141DZIELNI MIESZKANIOWEJ &quot;SZ\u00d3STKA&quot;\" src=\"http:\/\/stowarzyszenieszostka.pl\/index.php\/bezpieczenstwo\/embed\/#?secret=UPH4zGP7os\" data-secret=\"UPH4zGP7os\" width=\"600\" height=\"338\" frameborder=\"0\" marginwidth=\"0\" marginheight=\"0\" scrolling=\"no\"><\/iframe>\n<\/div><\/figure>\n\n\n\n<figure class=\"wp-block-embed is-type-wp-embed is-provider-wroclawskie-stowarzyszenie-mieszkancow-spoldzielni-mieszkaniowej-quot-szostka-quot wp-block-embed-wroclawskie-stowarzyszenie-mieszkancow-spoldzielni-mieszkaniowej-quot-szostka-quot\"><div class=\"wp-block-embed__wrapper\">\n<blockquote class=\"wp-embedded-content\" data-secret=\"gCnZkuKShi\"><a href=\"http:\/\/stowarzyszenieszostka.pl\/index.php\/czystosc-i-porzadek\/\">Czysto\u015b\u0107 i porz\u0105dek<\/a><\/blockquote><iframe loading=\"lazy\" class=\"wp-embedded-content\" sandbox=\"allow-scripts\" security=\"restricted\" style=\"position: absolute; clip: rect(1px, 1px, 1px, 1px);\" title=\"&#8222;Czysto\u015b\u0107 i porz\u0105dek&#8221; &#8212; WROC\u0141AWSKIE STOWARZYSZENIE MIESZKA\u0143C\u00d3W SP\u00d3\u0141DZIELNI MIESZKANIOWEJ &quot;SZ\u00d3STKA&quot;\" src=\"http:\/\/stowarzyszenieszostka.pl\/index.php\/czystosc-i-porzadek\/embed\/#?secret=gCnZkuKShi\" data-secret=\"gCnZkuKShi\" width=\"600\" height=\"338\" frameborder=\"0\" marginwidth=\"0\" marginheight=\"0\" scrolling=\"no\"><\/iframe>\n<\/div><\/figure>\n\n\n\n<figure class=\"wp-block-embed is-type-wp-embed is-provider-wroclawskie-stowarzyszenie-mieszkancow-spoldzielni-mieszkaniowej-quot-szostka-quot wp-block-embed-wroclawskie-stowarzyszenie-mieszkancow-spoldzielni-mieszkaniowej-quot-szostka-quot\"><div class=\"wp-block-embed__wrapper\">\n<blockquote class=\"wp-embedded-content\" data-secret=\"63pMFKXdof\"><a href=\"http:\/\/stowarzyszenieszostka.pl\/index.php\/parkowanie\/\">Parkowanie<\/a><\/blockquote><iframe loading=\"lazy\" class=\"wp-embedded-content\" sandbox=\"allow-scripts\" security=\"restricted\" style=\"position: absolute; clip: rect(1px, 1px, 1px, 1px);\" title=\"&#8222;Parkowanie&#8221; &#8212; WROC\u0141AWSKIE STOWARZYSZENIE MIESZKA\u0143C\u00d3W SP\u00d3\u0141DZIELNI MIESZKANIOWEJ &quot;SZ\u00d3STKA&quot;\" src=\"http:\/\/stowarzyszenieszostka.pl\/index.php\/parkowanie\/embed\/#?secret=63pMFKXdof\" data-secret=\"63pMFKXdof\" width=\"600\" height=\"338\" frameborder=\"0\" marginwidth=\"0\" marginheight=\"0\" scrolling=\"no\"><\/iframe>\n<\/div><\/figure>\n\n\n\n<figure class=\"wp-block-embed is-type-wp-embed is-provider-wroclawskie-stowarzyszenie-mieszkancow-spoldzielni-mieszkaniowej-quot-szostka-quot wp-block-embed-wroclawskie-stowarzyszenie-mieszkancow-spoldzielni-mieszkaniowej-quot-szostka-quot\"><div class=\"wp-block-embed__wrapper\">\n<blockquote class=\"wp-embedded-content\" data-secret=\"pwwwLDB0Mr\"><a href=\"http:\/\/stowarzyszenieszostka.pl\/index.php\/inwestycja-przy-ul-tanskiego\/\">Inwestycja przy ul. Ta\u0144skiego<\/a><\/blockquote><iframe loading=\"lazy\" class=\"wp-embedded-content\" sandbox=\"allow-scripts\" security=\"restricted\" style=\"position: absolute; clip: rect(1px, 1px, 1px, 1px);\" title=\"&#8222;Inwestycja przy ul. Ta\u0144skiego&#8221; &#8212; WROC\u0141AWSKIE STOWARZYSZENIE MIESZKA\u0143C\u00d3W SP\u00d3\u0141DZIELNI MIESZKANIOWEJ &quot;SZ\u00d3STKA&quot;\" src=\"http:\/\/stowarzyszenieszostka.pl\/index.php\/inwestycja-przy-ul-tanskiego\/embed\/#?secret=pwwwLDB0Mr\" data-secret=\"pwwwLDB0Mr\" width=\"600\" height=\"338\" frameborder=\"0\" marginwidth=\"0\" marginheight=\"0\" scrolling=\"no\"><\/iframe>\n<\/div><\/figure>\n","protected":false},"excerpt":{"rendered":"","protected":false},"author":1,"featured_media":0,"parent":0,"menu_order":0,"comment_status":"closed","ping_status":"closed","template":"","meta":{"footnotes":""},"class_list":["post-52","page","type-page","status-publish","hentry"],"_links":{"self":[{"href":"https:\/\/stowarzyszenieszostka.pl\/index.php\/wp-json\/wp\/v2\/pages\/52","targetHints":{"allow":["GET"]}}],"collection":[{"href":"https:\/\/stowarzyszenieszostka.pl\/index.php\/wp-json\/wp\/v2\/pages"}],"about":[{"href":"https:\/\/stowarzyszenieszostka.pl\/index.php\/wp-json\/wp\/v2\/types\/page"}],"author":[{"embeddable":true,"href":"https:\/\/stowarzyszenieszostka.pl\/index.php\/wp-json\/wp\/v2\/users\/1"}],"replies":[{"embeddable":true,"href":"https:\/\/stowarzyszenieszostka.pl\/index.php\/wp-json\/wp\/v2\/comments?post=52"}],"version-history":[{"count":6,"href":"https:\/\/stowarzyszenieszostka.pl\/index.php\/wp-json\/wp\/v2\/pages\/52\/revisions"}],"predecessor-version":[{"id":120,"href":"https:\/\/stowarzyszenieszostka.pl\/index.php\/wp-json\/wp\/v2\/pages\/52\/revisions\/120"}],"wp:attachment":[{"href":"https:\/\/stowarzyszenieszostka.pl\/index.php\/wp-json\/wp\/v2\/media?parent=52"}],"curies":[{"name":"wp","href":"https:\/\/api.w.org\/{rel}","templated":true}]}}