{"id":183,"date":"2021-05-23T15:30:16","date_gmt":"2021-05-23T15:30:16","guid":{"rendered":"http:\/\/stowarzyszenieszostka.pl\/?page_id=183"},"modified":"2021-05-23T15:30:17","modified_gmt":"2021-05-23T15:30:17","slug":"zaklocenie-spokoju-lub-porzadku-publicznego","status":"publish","type":"page","link":"https:\/\/stowarzyszenieszostka.pl\/index.php\/zaklocenie-spokoju-lub-porzadku-publicznego\/","title":{"rendered":"Zak\u0142\u00f3cenie spokoju lub porz\u0105dku publicznego"},"content":{"rendered":"\n<p>G\u0142o\u015bni s\u0105siedzi to zmora. Tacy co np. s\u0142uchaj\u0105 muzyki, a\u017c dom si\u0119 trz\u0119sie &#8211; cz\u0119sto do p\u00f3\u017anej nocy. Albo wrzeszcz\u0105 podczas pijackich libacji. Zak\u0142\u00f3ca\u0107 spok\u00f3j mo\u017cna na wiele sposob\u00f3w. <\/p>\n\n\n\n<p>Cz\u0119sto nie pomagaj\u0105 interwencje, a tak\u017ce spotykamy si\u0119 z agresj\u0105. I tutaj z wsparciem przychodzi Kodeks Wykrocze\u0144. Art. 51 penalizuje zak\u0142\u00f3canie spokoju i porz\u0105dku publicznego. Warto zwr\u00f3ci\u0107 uwag\u0119, \u017ce nie przedstawia on enumeratywnej listy wykrocze\u0144, a jedynie przyk\u0142ady. Nie ogranicza tak\u017ce wyst\u0119pku tylko do ha\u0142asu i czasu ciszy nocnej. A wi\u0119c mo\u017ce to by\u0107 dowolny rodzaj zak\u0142\u00f3cania spokoju w dowolnej porze dnia. Oczywi\u015bcie, np. zabawa dzieci na podw\u00f3rku, je\u015bli nie wykracza poza przyj\u0119te standardy, zak\u0142\u00f3caniem spokoju raczej nie b\u0119dzie.<br>Kolejna wa\u017cna sprawa, to spos\u00f3b \u015bcigania. Jest to wykroczenie \u015bcigane z urz\u0119du. W konsekwencji, po powiadomieniu organu porz\u0105dkowego (policja, stra\u017c miejska), ten organ podejmuje decyzj\u0119 o dalszym post\u0119powaniu i zg\u0142aszaj\u0105cy nie musi w nim uczestniczy\u0107.To istotne, bo nierzadko policja, kt\u00f3re do takich interwencji (wiem z w\u0142asnego do\u015bwiadczenia) nie jest wyrywna, pr\u00f3buje zniech\u0119ci\u0107 zg\u0142aszaj\u0105cego, sugeruj\u0105c, \u017ce b\u0119dzie musia\u0142 sk\u0142ada\u0107 zeznania, czy w inny spos\u00f3b uczestniczy\u0107 w czynno\u015bciach. A w sytuacji, gdy zak\u0142\u00f3caj\u0105cy jest agresywnym osi\u0142kiem, mo\u017cna po prostu ba\u0107 si\u0119 wyst\u0105pi\u0107 przeciwko niemu w spos\u00f3b jawny. Wi\u0119c &#8211; nie trzeba. I je\u015bli policja uzale\u017cnia interwencj\u0119 od udzia\u0142u zg\u0142aszaj\u0105cego &#8211; to jest niekompetentna lub \u015bwiadomie d\u0105\u017cy do zniech\u0119cenia zg\u0142aszaj\u0105cego.<br>Generalnie, nie nale\u017cy da\u0107 si\u0119 zbywa\u0107. W przypadku pojedynczego incydentu funkcjonariusze, je\u015bli uda si\u0119 ich nam\u00f3wi\u0107 na interwencj\u0119, mog\u0105 przyjecha\u0107 po fakcie, jednak je\u015bli mamy powtarzaj\u0105cy si\u0119 problem, nale\u017cy zg\u0142asza\u0107 i je\u015bli do interwencji nie dochodzi &#8211; skar\u017cy\u0107 do wy\u017cszej instancji. Bro\u0144my naszego prawa do spokoju!<\/p>\n\n\n\n<h3 class=\"wp-block-heading\">Dz.U.2021.281 t.j.<\/h3>\n\n\n\n<p><strong>Akt obowi\u0105zuj\u0105cy Wersja od: 20 maja 2021 r. do: 17 kwietnia 2026 r.<\/strong><br><strong>Art.\u00a0 51.\u00a0 [Zak\u0142\u00f3cenie spokoju lub porz\u0105dku publicznego] <\/strong><br>\u00a7\u00a0 1.\u00a0Kto krzykiem, ha\u0142asem, alarmem lub innym wybrykiem zak\u0142\u00f3ca spok\u00f3j, porz\u0105dek publiczny, spoczynek nocny albo wywo\u0142uje zgorszenie w miejscu publicznym, podlega karze aresztu, ograniczenia wolno\u015bci albo grzywny.<br>\u00a7\u00a0 2.\u00a0Je\u017celi czyn okre\u015blony w \u00a7 1 ma charakter chuliga\u0144ski lub sprawca dopuszcza si\u0119 go, b\u0119d\u0105c pod wp\u0142ywem alkoholu, \u015brodka odurzaj\u0105cego lub innej podobnie dzia\u0142aj\u0105cej substancji lub \u015brodka, podlega karze aresztu, ograniczenia wolno\u015bci albo grzywny.<br>\u00a7\u00a0 3.\u00a0Pod\u017ceganie i pomocnictwo s\u0105 karalne.<\/p>\n","protected":false},"excerpt":{"rendered":"<p>G\u0142o\u015bni s\u0105siedzi to zmora. Tacy co np. s\u0142uchaj\u0105 muzyki, a\u017c dom si\u0119 trz\u0119sie &#8211; cz\u0119sto do p\u00f3\u017anej nocy. Albo wrzeszcz\u0105 podczas pijackich libacji. Zak\u0142\u00f3ca\u0107 spok\u00f3j mo\u017cna na wiele sposob\u00f3w. Cz\u0119sto nie pomagaj\u0105 interwencje, a tak\u017ce spotykamy si\u0119 z agresj\u0105. I tutaj z wsparciem przychodzi Kodeks Wykrocze\u0144. Art. 51 penalizuje zak\u0142\u00f3canie&#8230;<\/p>\n","protected":false},"author":1,"featured_media":0,"parent":0,"menu_order":0,"comment_status":"closed","ping_status":"closed","template":"","meta":{"footnotes":""},"class_list":["post-183","page","type-page","status-publish","hentry"],"_links":{"self":[{"href":"https:\/\/stowarzyszenieszostka.pl\/index.php\/wp-json\/wp\/v2\/pages\/183","targetHints":{"allow":["GET"]}}],"collection":[{"href":"https:\/\/stowarzyszenieszostka.pl\/index.php\/wp-json\/wp\/v2\/pages"}],"about":[{"href":"https:\/\/stowarzyszenieszostka.pl\/index.php\/wp-json\/wp\/v2\/types\/page"}],"author":[{"embeddable":true,"href":"https:\/\/stowarzyszenieszostka.pl\/index.php\/wp-json\/wp\/v2\/users\/1"}],"replies":[{"embeddable":true,"href":"https:\/\/stowarzyszenieszostka.pl\/index.php\/wp-json\/wp\/v2\/comments?post=183"}],"version-history":[{"count":1,"href":"https:\/\/stowarzyszenieszostka.pl\/index.php\/wp-json\/wp\/v2\/pages\/183\/revisions"}],"predecessor-version":[{"id":184,"href":"https:\/\/stowarzyszenieszostka.pl\/index.php\/wp-json\/wp\/v2\/pages\/183\/revisions\/184"}],"wp:attachment":[{"href":"https:\/\/stowarzyszenieszostka.pl\/index.php\/wp-json\/wp\/v2\/media?parent=183"}],"curies":[{"name":"wp","href":"https:\/\/api.w.org\/{rel}","templated":true}]}}